{"id":146,"date":"2023-12-12T12:15:01","date_gmt":"2023-12-12T10:15:01","guid":{"rendered":"https:\/\/alexastudiocreation.fr\/?page_id=146"},"modified":"2025-07-27T14:58:44","modified_gmt":"2025-07-27T12:58:44","slug":"prestations","status":"publish","type":"page","link":"https:\/\/alexastudiocreation.fr\/?page_id=146","title":{"rendered":"Prestations"},"content":{"rendered":"\n<blockquote class=\"wp-block-quote is-layout-flow wp-block-quote-is-layout-flow\">\n<h3 class=\"wp-block-heading\">Pour chaque prestation r\u00e9alis\u00e9e par mes soins vous remportez des points de fid\u00e9lit\u00e9s que vous<br>pourrez utiliser lors de nos prochaines rencontres. Ces points vous offriront des r\u00e9ductions sur les<br>prix. 10 points = 10 %.<\/h3>\n<\/blockquote>\n\n\n\n<div class=\"wp-block-media-text is-stacked-on-mobile\"><figure class=\"wp-block-media-text__media\"><img loading=\"lazy\" decoding=\"async\" width=\"1016\" height=\"1024\" src=\"https:\/\/alexastudiocreation.fr\/wp-content\/uploads\/2025\/04\/mariage-1016x1024.jpg\" alt=\"\" class=\"wp-image-3072 size-full\" srcset=\"https:\/\/alexastudiocreation.fr\/wp-content\/uploads\/2025\/04\/mariage-1016x1024.jpg 1016w, https:\/\/alexastudiocreation.fr\/wp-content\/uploads\/2025\/04\/mariage-298x300.jpg 298w, https:\/\/alexastudiocreation.fr\/wp-content\/uploads\/2025\/04\/mariage-150x150.jpg 150w, https:\/\/alexastudiocreation.fr\/wp-content\/uploads\/2025\/04\/mariage-768x774.jpg 768w, https:\/\/alexastudiocreation.fr\/wp-content\/uploads\/2025\/04\/mariage.jpg 1072w\" sizes=\"auto, (max-width: 1016px) 100vw, 1016px\" \/><\/figure><div class=\"wp-block-media-text__content\">\n<h2 class=\"wp-block-heading\">MARIAGES<\/h2>\n\n\n\n<p>Des photos naturelles, prises sur le vif, dr\u00f4les, avec une photographe discr\u00e8te, qui met \u00e0 l\u2019aise les gens. Je saurai rendre vos photos uniques en capturant les \u00e9motions de chacun, pour que vous n\u2019oubliez pas votre journ\u00e9e. Prix: \u00e0 partir de<strong> 95 euros<\/strong><\/p>\n<\/div><\/div>\n\n\n\n<div class=\"wp-block-media-text has-media-on-the-right is-stacked-on-mobile\" style=\"grid-template-columns:auto 40%\"><div class=\"wp-block-media-text__content\">\n<h2 class=\"wp-block-heading\">BAPTEMES<\/h2>\n\n\n\n<p>Des photos naturelles, avec les moments forts de la c\u00e9r\u00e9monie, et une photographe discr\u00e8te, qui met \u00e0 l\u2019aise les gens. Je saurai rendre vos photos uniques en capturant les \u00e9motions de chacun, pour que vous n\u2019oubliez pas cette c\u00e9r\u00e9monie. Prix: \u00e0 partir de<strong> 75 euros<\/strong><\/p>\n<\/div><figure class=\"wp-block-media-text__media\"><img loading=\"lazy\" decoding=\"async\" width=\"1024\" height=\"1021\" src=\"https:\/\/alexastudiocreation.fr\/wp-content\/uploads\/2025\/04\/bapeme-1024x1021.jpg\" alt=\"\" class=\"wp-image-3073 size-full\" srcset=\"https:\/\/alexastudiocreation.fr\/wp-content\/uploads\/2025\/04\/bapeme-1024x1021.jpg 1024w, https:\/\/alexastudiocreation.fr\/wp-content\/uploads\/2025\/04\/bapeme-300x300.jpg 300w, https:\/\/alexastudiocreation.fr\/wp-content\/uploads\/2025\/04\/bapeme-150x150.jpg 150w, https:\/\/alexastudiocreation.fr\/wp-content\/uploads\/2025\/04\/bapeme-768x766.jpg 768w, https:\/\/alexastudiocreation.fr\/wp-content\/uploads\/2025\/04\/bapeme.jpg 1083w\" sizes=\"auto, (max-width: 1024px) 100vw, 1024px\" \/><\/figure><\/div>\n\n\n\n<div class=\"wp-block-media-text is-stacked-on-mobile\"><figure class=\"wp-block-media-text__media\"><img loading=\"lazy\" decoding=\"async\" width=\"1024\" height=\"1024\" src=\"https:\/\/alexastudiocreation.fr\/wp-content\/uploads\/2025\/04\/Famille-Groupe-1024x1024.jpg\" alt=\"\" class=\"wp-image-3074 size-full\" srcset=\"https:\/\/alexastudiocreation.fr\/wp-content\/uploads\/2025\/04\/Famille-Groupe-1024x1024.jpg 1024w, https:\/\/alexastudiocreation.fr\/wp-content\/uploads\/2025\/04\/Famille-Groupe-300x300.jpg 300w, https:\/\/alexastudiocreation.fr\/wp-content\/uploads\/2025\/04\/Famille-Groupe-150x150.jpg 150w, https:\/\/alexastudiocreation.fr\/wp-content\/uploads\/2025\/04\/Famille-Groupe-768x768.jpg 768w, https:\/\/alexastudiocreation.fr\/wp-content\/uploads\/2025\/04\/Famille-Groupe.jpg 1080w\" sizes=\"auto, (max-width: 1024px) 100vw, 1024px\" \/><\/figure><div class=\"wp-block-media-text__content\">\n<h2 class=\"wp-block-heading\">GROUPES\/FAMILLES<\/h2>\n\n\n\n<p>Des photos naturelles, avec votre famille ou vos amis, sans tomber dans les clich\u00e9s, et fait par une photographe qui sait mettre \u00e0 l\u2019aise les gens. Je saurai rendre vos photos exceptionnelles afin d&rsquo;en garder un tr\u00e8s beau souvenir. Prix: \u00e0 partir de <strong>50 euros<\/strong><\/p>\n<\/div><\/div>\n\n\n\n<div class=\"wp-block-media-text has-media-on-the-right is-stacked-on-mobile\"><div class=\"wp-block-media-text__content\">\n<h2 class=\"wp-block-heading\">ARTISTIQUES\/THEME<\/h2>\n\n\n\n<p>Un projet&nbsp;? Une envie d\u2019essayer quelque chose plus artistique ? Des photos naturelles, dr\u00f4les, pour reprendre confiance en vous, vous challenger, et fait par une photographe qui saura vous mettre \u00e0 l\u2019aise. Je saurai vous redonner confiance en vous, atteindre votre objectif. Prix: \u00e0 partir de <strong>40 euros<\/strong><\/p>\n<\/div><figure class=\"wp-block-media-text__media\"><img loading=\"lazy\" decoding=\"async\" width=\"1024\" height=\"1024\" src=\"https:\/\/alexastudiocreation.fr\/wp-content\/uploads\/2025\/04\/arisique-1024x1024.jpg\" alt=\"\" class=\"wp-image-3076 size-full\" srcset=\"https:\/\/alexastudiocreation.fr\/wp-content\/uploads\/2025\/04\/arisique-1024x1024.jpg 1024w, https:\/\/alexastudiocreation.fr\/wp-content\/uploads\/2025\/04\/arisique-300x300.jpg 300w, https:\/\/alexastudiocreation.fr\/wp-content\/uploads\/2025\/04\/arisique-150x150.jpg 150w, https:\/\/alexastudiocreation.fr\/wp-content\/uploads\/2025\/04\/arisique-768x768.jpg 768w, https:\/\/alexastudiocreation.fr\/wp-content\/uploads\/2025\/04\/arisique.jpg 1080w\" sizes=\"auto, (max-width: 1024px) 100vw, 1024px\" \/><\/figure><\/div>\n\n\n\n<div class=\"wp-block-media-text is-stacked-on-mobile\"><figure class=\"wp-block-media-text__media\"><img loading=\"lazy\" decoding=\"async\" width=\"1024\" height=\"1021\" src=\"https:\/\/alexastudiocreation.fr\/wp-content\/uploads\/2025\/04\/animaux-1024x1021.jpg\" alt=\"\" class=\"wp-image-3077 size-full\" srcset=\"https:\/\/alexastudiocreation.fr\/wp-content\/uploads\/2025\/04\/animaux-1024x1021.jpg 1024w, https:\/\/alexastudiocreation.fr\/wp-content\/uploads\/2025\/04\/animaux-300x300.jpg 300w, https:\/\/alexastudiocreation.fr\/wp-content\/uploads\/2025\/04\/animaux-150x150.jpg 150w, https:\/\/alexastudiocreation.fr\/wp-content\/uploads\/2025\/04\/animaux-768x766.jpg 768w, https:\/\/alexastudiocreation.fr\/wp-content\/uploads\/2025\/04\/animaux.jpg 1083w\" sizes=\"auto, (max-width: 1024px) 100vw, 1024px\" \/><\/figure><div class=\"wp-block-media-text__content\">\n<h2 class=\"wp-block-heading\">ANIMAUX<\/h2>\n\n\n\n<p>Envie de quelques clich\u00e9s avec votre boule de poil ? De belles photos naturelles, fait par une photographe qui saura vous mettre \u00e0 l\u2019aise vous et votre loulou. De plus j\u2019adore les animaux&nbsp;! Je saurai rendre vos photos uniques, pour que vous n\u2019oubliez pas ce moment si sp\u00e9cial. Prix: \u00e0 partir de <strong>45 euros<\/strong><\/p>\n<\/div><\/div>\n\n\n\n<div class=\"wp-block-media-text has-media-on-the-right is-stacked-on-mobile\"><div class=\"wp-block-media-text__content\">\n<h2 class=\"wp-block-heading\">PROFESSIONNELLES<\/h2>\n\n\n\n<p>Vous souhaitez quelques photos de votre entreprise ou de vous m\u00eame ? Des photos naturelle, s\u00e9rieuse, qui vous repr\u00e9senteront bien et fait par une photographe qui saura vous mettre \u00e0 l\u2019aise devant l\u2019objectif, et rendre votre activit\u00e9 attrayante. H\u00e2te de vous aider! Je saurai rendre vos photos attrayantes, pour atteindre l&rsquo;objectif souhait\u00e9. Prix: \u00e0 partir de <strong>40 euros<\/strong><\/p>\n<\/div><figure class=\"wp-block-media-text__media\"><img loading=\"lazy\" decoding=\"async\" width=\"1022\" height=\"1024\" src=\"https:\/\/alexastudiocreation.fr\/wp-content\/uploads\/2025\/04\/enreprise-1022x1024.jpg\" alt=\"\" class=\"wp-image-3083 size-full\" srcset=\"https:\/\/alexastudiocreation.fr\/wp-content\/uploads\/2025\/04\/enreprise-1022x1024.jpg 1022w, https:\/\/alexastudiocreation.fr\/wp-content\/uploads\/2025\/04\/enreprise-300x300.jpg 300w, https:\/\/alexastudiocreation.fr\/wp-content\/uploads\/2025\/04\/enreprise-150x150.jpg 150w, https:\/\/alexastudiocreation.fr\/wp-content\/uploads\/2025\/04\/enreprise-768x769.jpg 768w, https:\/\/alexastudiocreation.fr\/wp-content\/uploads\/2025\/04\/enreprise.jpg 1078w\" sizes=\"auto, (max-width: 1022px) 100vw, 1022px\" \/><\/figure><\/div>\n\n\n\n<div class=\"wp-block-media-text is-stacked-on-mobile\"><figure class=\"wp-block-media-text__media\"><img loading=\"lazy\" decoding=\"async\" width=\"1024\" height=\"1024\" src=\"https:\/\/alexastudiocreation.fr\/wp-content\/uploads\/2025\/04\/couple-duo-1024x1024.jpg\" alt=\"\" class=\"wp-image-3078 size-full\" srcset=\"https:\/\/alexastudiocreation.fr\/wp-content\/uploads\/2025\/04\/couple-duo-1024x1024.jpg 1024w, https:\/\/alexastudiocreation.fr\/wp-content\/uploads\/2025\/04\/couple-duo-300x300.jpg 300w, https:\/\/alexastudiocreation.fr\/wp-content\/uploads\/2025\/04\/couple-duo-150x150.jpg 150w, https:\/\/alexastudiocreation.fr\/wp-content\/uploads\/2025\/04\/couple-duo-768x768.jpg 768w, https:\/\/alexastudiocreation.fr\/wp-content\/uploads\/2025\/04\/couple-duo.jpg 1080w\" sizes=\"auto, (max-width: 1024px) 100vw, 1024px\" \/><\/figure><div class=\"wp-block-media-text__content\">\n<h2 class=\"wp-block-heading\">COUPLES\/DUOS<\/h2>\n\n\n\n<p>Vous souhaitez immortaliser votre couple, votre duo de copines, ou votre duo de fr\u00e8res ? Des photos dr\u00f4les, et mignonnes qui vous repr\u00e9senteront bien, fait par une photographe qui saura vous mettre \u00e0 l\u2019aise devant l\u2019objectif. Je saurai rendre vos photos les plus adorables possibles, pour que vous ayez un joli souvenir. Prix: \u00e0 partir de <strong>45 euros<\/strong><\/p>\n<\/div><\/div>\n\n\n\n<div class=\"wp-block-media-text has-media-on-the-right is-stacked-on-mobile\"><div class=\"wp-block-media-text__content\">\n<h2 class=\"wp-block-heading\">GROSSESSE\/NAISSANCE<\/h2>\n\n\n\n<p>Vous souhaitez immortaliser ce moment si sp\u00e9cial avec votre b\u00e9b\u00e9&nbsp;? Des clich\u00e9s naturels et mignons fait par une photographe qui saura vous mettre \u00e0 l\u2019aise devant l\u2019objectif, sans vous stresser et rendre ce moment magique. Je saurai rendre vos photos le plus sp\u00e9ciales possibles, pour que vous ayez un joli souvenir. Prix: \u00e0 partir de <strong>60 euros<\/strong><\/p>\n<\/div><figure class=\"wp-block-media-text__media\"><img loading=\"lazy\" decoding=\"async\" width=\"1024\" height=\"1024\" src=\"https:\/\/alexastudiocreation.fr\/wp-content\/uploads\/2025\/04\/grossesse-naissance-1024x1024.jpg\" alt=\"\" class=\"wp-image-3079 size-full\" srcset=\"https:\/\/alexastudiocreation.fr\/wp-content\/uploads\/2025\/04\/grossesse-naissance-1024x1024.jpg 1024w, https:\/\/alexastudiocreation.fr\/wp-content\/uploads\/2025\/04\/grossesse-naissance-300x300.jpg 300w, https:\/\/alexastudiocreation.fr\/wp-content\/uploads\/2025\/04\/grossesse-naissance-150x150.jpg 150w, https:\/\/alexastudiocreation.fr\/wp-content\/uploads\/2025\/04\/grossesse-naissance-768x768.jpg 768w, https:\/\/alexastudiocreation.fr\/wp-content\/uploads\/2025\/04\/grossesse-naissance.jpg 1080w\" sizes=\"auto, (max-width: 1024px) 100vw, 1024px\" \/><\/figure><\/div>\n\n\n\n<div class=\"wp-block-media-text is-stacked-on-mobile\"><figure class=\"wp-block-media-text__media\"><img loading=\"lazy\" decoding=\"async\" width=\"1024\" height=\"1024\" src=\"https:\/\/alexastudiocreation.fr\/wp-content\/uploads\/2025\/04\/reseaux-sociaux-1024x1024.jpg\" alt=\"\" class=\"wp-image-3080 size-full\" srcset=\"https:\/\/alexastudiocreation.fr\/wp-content\/uploads\/2025\/04\/reseaux-sociaux-1024x1024.jpg 1024w, https:\/\/alexastudiocreation.fr\/wp-content\/uploads\/2025\/04\/reseaux-sociaux-300x300.jpg 300w, https:\/\/alexastudiocreation.fr\/wp-content\/uploads\/2025\/04\/reseaux-sociaux-150x150.jpg 150w, https:\/\/alexastudiocreation.fr\/wp-content\/uploads\/2025\/04\/reseaux-sociaux-768x768.jpg 768w, https:\/\/alexastudiocreation.fr\/wp-content\/uploads\/2025\/04\/reseaux-sociaux.jpg 1080w\" sizes=\"auto, (max-width: 1024px) 100vw, 1024px\" \/><\/figure><div class=\"wp-block-media-text__content\">\n<h2 class=\"wp-block-heading\">PORTRAIT SEUL\/RESEAUX SOCIAUX<\/h2>\n\n\n\n<p>Vous souhaitez avoir de belles photos \u00e0 publier sur vos r\u00e9seaux sociaux&nbsp;? Des photos naturelles fait par une photographe qui saura vous mettre \u00e0 l\u2019aise devant l\u2019objectif, et rendre vos photos uniques et diff\u00e9rent(e)s des autres. Je saurai rendre vos photos le plus diff\u00e9rent possible des autres, afin que vous vous d\u00e9marquiez. Prix: \u00e0 partir de <strong>40 euros<\/strong><\/p>\n<\/div><\/div>\n\n\n\n<div class=\"wp-block-media-text has-media-on-the-right is-stacked-on-mobile\"><div class=\"wp-block-media-text__content\">\n<h2 class=\"wp-block-heading\">SPECTACLES\/CONCERTS\/SALONS<\/h2>\n\n\n\n<p>Vous souhaitez avoir de belles photos de votre \u00e9v\u00e8nement&nbsp;? Des photos naturelles, prises sur le vif, fait par une photographe discr\u00e8te. Que vous ayez, un concert, un festival, un salon, un spectacle \u00e0 organiser je suis l\u00e0&nbsp;pour les capturer&nbsp;! Je saurai rendre vos photos sp\u00e9ciales, afin que vous puissiez les publier sur vos \u00e9v\u00e8nements respectifs. Prix: \u00e0 partir de <strong>60 euros<\/strong><\/p>\n<\/div><figure class=\"wp-block-media-text__media\"><img loading=\"lazy\" decoding=\"async\" width=\"1021\" height=\"1024\" src=\"https:\/\/alexastudiocreation.fr\/wp-content\/uploads\/2025\/04\/concer-fesival-1021x1024.jpg\" alt=\"\" class=\"wp-image-3081 size-full\" srcset=\"https:\/\/alexastudiocreation.fr\/wp-content\/uploads\/2025\/04\/concer-fesival-1021x1024.jpg 1021w, https:\/\/alexastudiocreation.fr\/wp-content\/uploads\/2025\/04\/concer-fesival-300x300.jpg 300w, https:\/\/alexastudiocreation.fr\/wp-content\/uploads\/2025\/04\/concer-fesival-150x150.jpg 150w, https:\/\/alexastudiocreation.fr\/wp-content\/uploads\/2025\/04\/concer-fesival-768x770.jpg 768w, https:\/\/alexastudiocreation.fr\/wp-content\/uploads\/2025\/04\/concer-fesival.jpg 1077w\" sizes=\"auto, (max-width: 1021px) 100vw, 1021px\" \/><\/figure><\/div>\n\n\n\n<div class=\"wp-block-media-text is-stacked-on-mobile\"><figure class=\"wp-block-media-text__media\"><img loading=\"lazy\" decoding=\"async\" width=\"1024\" height=\"1024\" src=\"https:\/\/alexastudiocreation.fr\/wp-content\/uploads\/2025\/04\/anniversaire-1024x1024.jpg\" alt=\"\" class=\"wp-image-3082 size-full\" srcset=\"https:\/\/alexastudiocreation.fr\/wp-content\/uploads\/2025\/04\/anniversaire-1024x1024.jpg 1024w, https:\/\/alexastudiocreation.fr\/wp-content\/uploads\/2025\/04\/anniversaire-300x300.jpg 300w, https:\/\/alexastudiocreation.fr\/wp-content\/uploads\/2025\/04\/anniversaire-150x150.jpg 150w, https:\/\/alexastudiocreation.fr\/wp-content\/uploads\/2025\/04\/anniversaire-768x768.jpg 768w, https:\/\/alexastudiocreation.fr\/wp-content\/uploads\/2025\/04\/anniversaire.jpg 1080w\" sizes=\"auto, (max-width: 1024px) 100vw, 1024px\" \/><\/figure><div class=\"wp-block-media-text__content\">\n<h2 class=\"wp-block-heading\">ANNIVERSAIRES<\/h2>\n\n\n\n<p>Vous souhaitez de belles photos souvenirs de votre anniversaire&nbsp;? Des photos naturelles, dr\u00f4les, prises sur le vif, fait par une photographe discr\u00e8te et qui met \u00e0 l\u2019aise les gens. Alors que vous ayez 18, 25, 30, 50 ans, ne vous privez pas je suis l\u00e0&nbsp;! Je saurai rendre vos photos magnifiques, afin que vous gardiez un superbe souvenir. Prix: \u00e0 partir de <strong>75 euros<\/strong><\/p>\n<\/div><\/div>\n\n\n\n<p><\/p>\n","protected":false},"excerpt":{"rendered":"<p>Pour chaque prestation r\u00e9alis\u00e9e par mes soins vous remportez des points de fid\u00e9lit\u00e9s que vouspourrez utiliser lors de nos prochaines rencontres. Ces points vous offriront des r\u00e9ductions sur lesprix. 10 points = 10 %. MARIAGES Des photos naturelles, prises sur le vif, dr\u00f4les, avec une photographe discr\u00e8te, qui met \u00e0 l\u2019aise les gens. Je saurai [&hellip;]<\/p>\n","protected":false},"author":1,"featured_media":0,"parent":0,"menu_order":0,"comment_status":"closed","ping_status":"closed","template":"prestation.php","meta":{"footnotes":""},"class_list":["post-146","page","type-page","status-publish","hentry"],"_links":{"self":[{"href":"https:\/\/alexastudiocreation.fr\/index.php?rest_route=\/wp\/v2\/pages\/146","targetHints":{"allow":["GET"]}}],"collection":[{"href":"https:\/\/alexastudiocreation.fr\/index.php?rest_route=\/wp\/v2\/pages"}],"about":[{"href":"https:\/\/alexastudiocreation.fr\/index.php?rest_route=\/wp\/v2\/types\/page"}],"author":[{"embeddable":true,"href":"https:\/\/alexastudiocreation.fr\/index.php?rest_route=\/wp\/v2\/users\/1"}],"replies":[{"embeddable":true,"href":"https:\/\/alexastudiocreation.fr\/index.php?rest_route=%2Fwp%2Fv2%2Fcomments&post=146"}],"version-history":[{"count":51,"href":"https:\/\/alexastudiocreation.fr\/index.php?rest_route=\/wp\/v2\/pages\/146\/revisions"}],"predecessor-version":[{"id":3862,"href":"https:\/\/alexastudiocreation.fr\/index.php?rest_route=\/wp\/v2\/pages\/146\/revisions\/3862"}],"wp:attachment":[{"href":"https:\/\/alexastudiocreation.fr\/index.php?rest_route=%2Fwp%2Fv2%2Fmedia&parent=146"}],"curies":[{"name":"wp","href":"https:\/\/api.w.org\/{rel}","templated":true}]}}