{"id":46,"date":"2023-11-30T16:39:59","date_gmt":"2023-11-30T14:39:59","guid":{"rendered":"https:\/\/alexastudiocreation.fr\/?page_id=46"},"modified":"2025-04-15T14:45:52","modified_gmt":"2025-04-15T12:45:52","slug":"a-propos","status":"publish","type":"page","link":"https:\/\/alexastudiocreation.fr\/?page_id=46","title":{"rendered":"\u00c0 Propos de moi"},"content":{"rendered":"<div class=\"wp-block-image is-style-rounded\">\n<figure class=\"aligncenter size-full is-resized\"><img loading=\"lazy\" decoding=\"async\" width=\"667\" height=\"1000\" src=\"https:\/\/alexastudiocreation.fr\/wp-content\/uploads\/2025\/04\/490984534_1178615253960467_4101809642595616818_n.jpg\" alt=\"\" class=\"wp-image-3052\" style=\"aspect-ratio:1;object-fit:cover;width:152px;height:auto\" srcset=\"https:\/\/alexastudiocreation.fr\/wp-content\/uploads\/2025\/04\/490984534_1178615253960467_4101809642595616818_n.jpg 667w, https:\/\/alexastudiocreation.fr\/wp-content\/uploads\/2025\/04\/490984534_1178615253960467_4101809642595616818_n-200x300.jpg 200w\" sizes=\"auto, (max-width: 667px) 100vw, 667px\" \/><\/figure>\n<\/div>\n\n\n<p>Moi, c&rsquo;est Alexa, photographe et vid\u00e9aste depuis 2020. J&rsquo;ai 26 ans. Je me d\u00e9place dans le 85, 44, 49, 35 principalement.<\/p>\n\n\n\n<p>J&rsquo;ai 3 grandes passions, vous en connaissez deux: la photo et la vid\u00e9o, la 3\u00e8me c&rsquo;est les animaux. J&rsquo;aime \u00e9norm\u00e9ment les animaux. Pour autant ce n&rsquo;est pas ma sp\u00e9cialit\u00e9. <br>Ma sp\u00e9cialit\u00e9 \u00e0 moi c&rsquo;est plus l&rsquo;\u00e9v\u00e8nementiel, tout ce qui est mariages, anniversaire, bapt\u00eame etc. mais je fais \u00e9galement beaucoup de portrait seul(e), en duo, ou en famille. J&rsquo;en fais aussi un peu avec les animaux tout de m\u00eame. J&rsquo;aime que mes photos soient les plus naturelles possible, prises sur le vif, mais je m&rsquo;adapte \u00e0 chaque demande. J&rsquo;ai un tr\u00e8s grande capacit\u00e9 d&rsquo;adaptation.<\/p>\n\n\n\n<p>Je suis passionn\u00e9e, par ce que je fais, et toujours positive, souriante et sociable. J&rsquo;aime faire en sorte que l&rsquo;objectif de la s\u00e9ance photo\/vid\u00e9o soit r\u00e9ussi, que ce soit de reprendre confiance en vous, faire en sorte que vous gardiez des moments exceptionnels de votre mariage ou anniversaire. <\/p>\n\n\n\n<p>Je dis toujours que les photos c&rsquo;est magnifique, cela fige l&rsquo;instant \u00e0 tout jamais, mais les vid\u00e9os c&rsquo;est magiques car elles permettent de se rem\u00e9morer l&rsquo;instant et les \u00e9motions li\u00e9es \u00e0 ce moment, \u00e0 l&rsquo;infini. <br><\/p>\n","protected":false},"excerpt":{"rendered":"<p>Moi, c&rsquo;est Alexa, photographe et vid\u00e9aste depuis 2020. J&rsquo;ai 26 ans. Je me d\u00e9place dans le 85, 44, 49, 35 principalement. J&rsquo;ai 3 grandes passions, vous en connaissez deux: la photo et la vid\u00e9o, la 3\u00e8me c&rsquo;est les animaux. J&rsquo;aime \u00e9norm\u00e9ment les animaux. Pour autant ce n&rsquo;est pas ma sp\u00e9cialit\u00e9. Ma sp\u00e9cialit\u00e9 \u00e0 moi c&rsquo;est [&hellip;]<\/p>\n","protected":false},"author":1,"featured_media":0,"parent":0,"menu_order":0,"comment_status":"closed","ping_status":"closed","template":"a-propos.php","meta":{"footnotes":""},"class_list":["post-46","page","type-page","status-publish","hentry"],"_links":{"self":[{"href":"https:\/\/alexastudiocreation.fr\/index.php?rest_route=\/wp\/v2\/pages\/46","targetHints":{"allow":["GET"]}}],"collection":[{"href":"https:\/\/alexastudiocreation.fr\/index.php?rest_route=\/wp\/v2\/pages"}],"about":[{"href":"https:\/\/alexastudiocreation.fr\/index.php?rest_route=\/wp\/v2\/types\/page"}],"author":[{"embeddable":true,"href":"https:\/\/alexastudiocreation.fr\/index.php?rest_route=\/wp\/v2\/users\/1"}],"replies":[{"embeddable":true,"href":"https:\/\/alexastudiocreation.fr\/index.php?rest_route=%2Fwp%2Fv2%2Fcomments&post=46"}],"version-history":[{"count":23,"href":"https:\/\/alexastudiocreation.fr\/index.php?rest_route=\/wp\/v2\/pages\/46\/revisions"}],"predecessor-version":[{"id":3086,"href":"https:\/\/alexastudiocreation.fr\/index.php?rest_route=\/wp\/v2\/pages\/46\/revisions\/3086"}],"wp:attachment":[{"href":"https:\/\/alexastudiocreation.fr\/index.php?rest_route=%2Fwp%2Fv2%2Fmedia&parent=46"}],"curies":[{"name":"wp","href":"https:\/\/api.w.org\/{rel}","templated":true}]}}